{"id":9,"date":"2015-03-23T00:22:33","date_gmt":"2015-03-22T23:22:33","guid":{"rendered":"http:\/\/affenfutter.de\/smoothiemaker\/?page_id=4"},"modified":"2015-03-23T00:22:33","modified_gmt":"2015-03-22T23:22:33","slug":"unabhaengige-beratung-rund-um-smoothie-maker","status":"publish","type":"page","link":"https:\/\/fgcommerce.de\/smoothiemaker-test-alt\/unabhaengige-beratung-rund-um-smoothie-maker\/","title":{"rendered":"Unabh\u00e4ngige Beratung rund um Smoothie Maker"},"content":{"rendered":"<p>Ich teste seit Jahren Artikel und Produkte aus dem Sport, Food und Fitnessbereich. Auf dieser Seite geht es um Mixer, f\u00fcr die Zubereitung von leckeren Smoothies. In der Kategorie Smoothie Maker sind viele unterschiedliche Ger\u00e4te zu finden, die meiner Meinung nach die besten auf dem Markt sind. Einige Ger\u00e4te konnte ich pers\u00f6nlich einem Test unterziehen, weitere kommen sp\u00e4ter noch hinzu. Ich pr\u00fcfe die Modelle verschiedener Hersteller und Preisklassen sehr genau und bin dabei absolut ehrlich. Es geht schlie\u00dflich um den perfekten Smoothie! Ich kann sagen, das ich wei\u00df, was einen guten Mixer ausmacht. Das sind die besten aus drei Preisklassen:<\/p>\n<p>[mks_col]<\/p>\n<p>[mks_one_third]<\/p>\n<p><strong>Empfehlung:<\/strong><br \/>\n<strong>Mini Smoothie Maker<\/strong><\/p>\n<p><img loading=\"lazy\" decoding=\"async\" class=\"aligncenter wp-image-462\" title=\"smoothie maker\" src=\"https:\/\/smoothiemaker-test.de\/wp-content\/uploads\/2016\/08\/smoothiemaker-wmf-kult-mix-und-go.jpg\" alt=\"Mini Standmixer WMF Kult Mix und Go preiswerter Smoothie Maker\" width=\"250\" height=\"250\" \/><\/p>\n<p>Der <strong>WMF Kult Mix &amp; Go<\/strong> ist ein absoluter Besteller in der Kategorie Mini Standmixer und meine Empfehlung f\u00fcr den preisbewussten K\u00e4ufer.<\/p>\n<p>[mks_button size=&#8220;small&#8220; title=&#8220;Zum Testbericht&#8220; style=&#8220;squared&#8220; url=&#8220;https:\/\/smoothiemaker-test.de\/smoothie-maker\/wmf-kult-x-mix-und-go-mini-smoothiemaker\/&#8220; target=&#8220;_self&#8220; bg_color=&#8220;#fcf7ec&#8220; txt_color=&#8220;#000000&#8243; icon=&#8220;fa-check&#8220; icon_type=&#8220;fa&#8220;]<br \/>\n[mks_button size=&#8220;small&#8220; title=&#8220;Zu Amazon&#8220; style=&#8220;squared&#8220; url=&#8220;http:\/\/amzn.to\/2aOxOdX&#8220; target=&#8220;_blank&#8220; bg_color=&#8220;#e3a942&#8243; txt_color=&#8220;#000000&#8243; icon=&#8220;fa-shopping-cart&#8220; icon_type=&#8220;fa&#8220;]<\/p>\n<p>[\/mks_one_third]<\/p>\n<p>[mks_one_third]<\/p>\n<p><strong>Empfehlung:<\/strong><br \/>\n<strong>Preiswerte Smoothie Maker<\/strong><\/p>\n<p><img loading=\"lazy\" decoding=\"async\" class=\"aligncenter wp-image-461 size-full\" title=\"smoothie maker test\" src=\"https:\/\/smoothiemaker-test.de\/wp-content\/uploads\/2016\/08\/phillips-hr219638-standmixer-smoothiemaker.jpg\" alt=\"Phillips HR2196\/38 Standmixer Smoothie Maker Test\" width=\"250\" height=\"250\" \/><\/p>\n<p>Der <strong>Philips HR 2195\/08<\/strong> Standmixer ist meine Empfehlung aus der Kategorie Preiswerte Smoothie Maker. Etwas besonderes ist der hochwertige Glasbeh\u00e4lter.<\/p>\n<p>[mks_button size=&#8220;small&#8220; title=&#8220;Zum Vergleich&#8220; style=&#8220;squared&#8220; url=&#8220;https:\/\/smoothiemaker-test.de\/philips-hr-serie-vergleich\/&#8220; target=&#8220;_self&#8220; bg_color=&#8220;#fcf7ec&#8220; txt_color=&#8220;#000000&#8243; icon=&#8220;fa-check&#8220; icon_type=&#8220;fa&#8220;]<br \/>\n[mks_button size=&#8220;small&#8220; title=&#8220;Zu Amazon&#8220; style=&#8220;squared&#8220; url=&#8220;http:\/\/amzn.to\/2bapbuS&#8220; target=&#8220;_blank&#8220; bg_color=&#8220;#e3a942&#8243; txt_color=&#8220;#000000&#8243; icon=&#8220;fa-shopping-cart&#8220; icon_type=&#8220;fa&#8220;]<\/p>\n<p>[\/mks_one_third]<\/p>\n<p>[mks_one_third]<\/p>\n<p><strong>Empfehlung:<\/strong><br \/>\n<strong>Profi Smoothie Maker<\/strong><\/p>\n<p><img loading=\"lazy\" decoding=\"async\" class=\"aligncenter wp-image-460 size-full\" src=\"https:\/\/smoothiemaker-test.de\/wp-content\/uploads\/2016\/08\/bianco-primo-bi-prim-hochleistungsmixer-smoothiemaker.jpg\" alt=\"Bianco Primo BI-PRIM Hochleistungsmixer Smoothie Maker\" width=\"250\" height=\"250\" \/><\/p>\n<p>Der <strong>Bianco di Puro BI-PRIM<\/strong> ist ein Hochleistungsmixer mit dem besten <span class=\"a-list-item\">Preis-\/Leistungs verh\u00e4ltnis f\u00fcr einen Smoothie Maker in dieser Klasse.<\/span><\/p>\n<p>[mks_button size=&#8220;small&#8220; title=&#8220;Zum Testbericht&#8220; style=&#8220;squared&#8220; url=&#8220;https:\/\/smoothiemaker-test.de\/smoothie-maker\/bianco-primo-hochleistungsmixer\/&#8220; target=&#8220;_self&#8220; bg_color=&#8220;#fcf7ec&#8220; txt_color=&#8220;#000000&#8243; icon=&#8220;fa-check&#8220; icon_type=&#8220;fa&#8220;]<br \/>\n[mks_button size=&#8220;small&#8220; title=&#8220;Zu Amazon&#8220; style=&#8220;squared&#8220; url=&#8220;http:\/\/amzn.to\/2aOB9ts&#8220; target=&#8220;_blank&#8220; bg_color=&#8220;#e3a942&#8243; txt_color=&#8220;#000000&#8243; icon=&#8220;fa-shopping-cart&#8220; icon_type=&#8220;fa&#8220;]<\/p>\n<p>[\/mks_one_third]<\/p>\n<p>[\/mks_col]<\/p>\n<h2>Was du auf keinen Fall tun solltest, wenn du Spa\u00df am Smoothies mixen haben m\u00f6chtest!<\/h2>\n<p>Du solltest dir niemals einen Noname Mixer kaufen und wenn er auch nur 20 \u20ac kostet. Mit so einem Ger\u00e4t wirst du <strong>nicht lange Freude<\/strong> am Smoothies mixen haben. Das fiese an der Sache ist, dass Noname Ger\u00e4te oft zu recht hohen Preisen angeboten werden und dann f\u00fcr den Anf\u00e4nger hochwertiger r\u00fcber kommen als sie sind. Der oben bereits genannten Mini Smoothie Maker <strong>Kult Mix &amp; Go von WMF<\/strong> oder der gr\u00f6\u00dfere <strong>Philips HR 2195\/08<\/strong> Standmixer sind super Ger\u00e4te f\u00fcr wenig Geld.<\/p>\n<h2>Keine zu schnelle Entscheidung treffen, wenn du DEINEN besten Smoothie Maker finden m\u00f6chtest.<\/h2>\n<p>Wir haben dir hier jede Menge Informationen zusammen gestellt, um auch wirklich den perfekt zu dir <a href=\"https:\/\/smoothiemaker-test.de\/smoothiemixer-oder-hochleistungsmixer\/\">passenden Mixer<\/a> finden zu k\u00f6nnen. Smoothie Maker Test ist eine unabh\u00e4ngige Beratung und nicht Hersteller gebunden. Schau dir auf alle F\u00e4lle unseren <a href=\"https:\/\/smoothiemaker-test.de\/smoothie-maker-vergleich\/\">Vergleich <\/a>der unterschiedlichen Klassen an oder auch die <a href=\"https:\/\/smoothiemaker-test.de\/haeufig-gestellte-fragen-smoothie-mixer\/\">h\u00e4ufigsten Fragen<\/a> zu Smoothie Mixern. Es wird dir eine sehr gute Hilfe sein, deinen Liebling zu finden. Vielleicht ist ja auch der <a href=\"https:\/\/smoothiemaker-test.de\/personal-blender-mixer-to-go\/\">Personal Blender<\/a> dein Favorit. F\u00fcr mich ist er nicht nur eine Erg\u00e4nzung zum gro\u00dfen Standmixer.<\/p>\n<h2>Welche Hersteller sind die Top Marken?<\/h2>\n<p>Auch in diesem Jahr sind die bereits bekannten Markenhersteller mit ihren Ger\u00e4ten ganz oben dabei. In der Klasse der Mini Smoothie Maker schnitten die Modelle von <strong>WMF<\/strong>, <strong>AEG<\/strong> und <strong>Russel Hobbs<\/strong> am besten ab.<\/p>\n<p>Die Klasse der Preiswerten Smoothie Maker f\u00fchren <strong>Phillips<\/strong>, <strong>Severin<\/strong> und <strong>Bosch<\/strong> weiter an. Die Preisunterschiede sind aber nach wie vor sehr gro\u00df.<\/p>\n<p>In der Klasse der Profi Smoothie Maker sind unsere bekannten Hersteller wieder vorne dabei. Das w\u00e4ren <strong>Vitamix<\/strong> im oberen Preissegment und <strong>Bianco di Puro<\/strong> im mittleren die wegweisenden Hersteller wenn es um Profiger\u00e4te geht, die nicht nur f\u00fcr den Hausgebrauch benutzt werden k\u00f6nnen.<\/p>\n<h2>Was kostet ein guter Smoothie Maker?<\/h2>\n<p>Durch die unterschiedlichsten Anwendungsgebiete der Ger\u00e4te ist auch der Preis sehr unterschiedlich. Die Mini Smoothiemaker fangen bereits ab 30 \u20ac an. Ein Ger\u00e4t der Preiswerten Smoothie Maker bekommt man bereits ab 80 \u20ac. Den g\u00fcnstigsten Profi Smoothiemaker (<strong>Bianco di Puro BI-PRIM<\/strong>), der auch gleichzeitig unser <strong>Preis-\/Leistungssieger<\/strong> ist, bekommst du ab 280 \u20ac. Wer bewusst mehr m\u00f6chte oder braucht kann sich ein Ger\u00e4t zwischen 500 \u20ac und 1000 \u20ac aussuchen. Diese sind dann auch bereits f\u00fcr den gewerblichen Bereich geeignet.<\/p>\n<h2>Was macht einen guten Smoothie Maker aus?<\/h2>\n<p>Er sollte aus <strong>hochwertigen<\/strong> Materialien sein. Dazu geh\u00f6rt nat\u00fcrlich auch eine ordentliche <strong>Verarbeitungsqualit\u00e4t<\/strong> und <strong>Festigkeit<\/strong>. Die Bedienelemente sollte wie der Mixbeh\u00e4lter und Messer genauso die oben genannten Eigenschaften besitzen. Ein weitere Punkt w\u00e4ren die <strong>Benutzerfreundlichkeit<\/strong>. Diese setzt sich zum einen aus der einfachen und intuitiven <strong>Handhabung<\/strong> zusammen. Zum anderen geh\u00f6rt die <strong>Reinigung<\/strong>, aufsetzen des Mixbeh\u00e4lters und die <strong>Verstaum\u00f6glichkeit<\/strong> genauso dazu. <strong>Zubeh\u00f6r<\/strong> wie Rezeptheft, Stampfer oder Reinigungsb\u00fcrste befinden sich oft erst bei h\u00f6herpreisigen Ger\u00e4ten im Standardlieferumfang.<\/p>\n<p>Der <strong>Motor<\/strong> sollte genug Kraft haben um auch <strong>faseriges Gem\u00fcse<\/strong> f\u00fcr <a href=\"https:\/\/smoothiemaker-test.de\/gruene-smoothies-mixen\/\">Gr\u00fcne Smoothies<\/a> fein zerkleinern zu k\u00f6nnen oder mit festem Fruchtfleisch, Eisw\u00fcrfeln und Kernen zu Recht zu kommen. Die oft erw\u00e4hnte <strong>Lautst\u00e4rke<\/strong>, die meist als sehr laut empfunden wird, zeigt weniger ob es ein gutes oder schlechtes Ger\u00e4t ist. Leider l\u00e4sst sich eine gewisse Lautst\u00e4rke nicht verhindern, wenn ein perfektes Ergebnis erzielt werden soll. Beim Phillips HR2195\/08 wurde aber bereits ein Quiet Mode eingebaut, der reduziert auf Knopfdruck die Motorleistung, f\u00fcr leises Arbeiten am Morgen.<\/p>\n<h2>Wie gesund sind Smoothies?<\/h2>\n<p>Anders als bei Fruchts\u00e4ften wird das Obst beim Smoothie im Ganzen verarbeitet. Dadurch werden die Vitamine, Ballast- und Mineralstoffe sowie sekund\u00e4re Pflanzenstoffe in maximaler Anzahl erhalten. Das macht einen Smoothie zu einem t\u00e4glichen Gesundheitsmen\u00fc. Genau richtig, der Smoothie sollte wie eine Mahlzeit behandelt werden und nicht als Getr\u00e4nk. In vielen F\u00e4lle ist die Konsestent etwas musartig oder smooth und sollte daher in kleinen Portionen zu sich genommen werden. Ein Smoothie kann mit allem erdenklichen Obst zubereitet werden. Mit der Zugabe von Kokos\u00f6l und anderem Powerfood, wird er noch besser im Geschmack.<\/p>\n","protected":false},"excerpt":{"rendered":"<p>Ich teste seit Jahren Artikel und Produkte aus dem Sport, Food und Fitnessbereich. Auf dieser Seite geht es um Mixer, f\u00fcr die Zubereitung von leckeren Smoothies. In der Kategorie Smoothie Maker sind viele unterschiedliche Ger\u00e4te zu finden, die meiner Meinung nach die besten auf dem Markt sind. Einige Ger\u00e4te konnte ich pers\u00f6nlich einem Test unterziehen, [&hellip;]<\/p>\n","protected":false},"author":6,"featured_media":0,"parent":0,"menu_order":0,"comment_status":"closed","ping_status":"closed","template":"templates\/sidebar-right.php","meta":{"footnotes":""},"class_list":["post-9","page","type-page","status-publish","hentry"],"_links":{"self":[{"href":"https:\/\/fgcommerce.de\/smoothiemaker-test-alt\/wp-json\/wp\/v2\/pages\/9","targetHints":{"allow":["GET"]}}],"collection":[{"href":"https:\/\/fgcommerce.de\/smoothiemaker-test-alt\/wp-json\/wp\/v2\/pages"}],"about":[{"href":"https:\/\/fgcommerce.de\/smoothiemaker-test-alt\/wp-json\/wp\/v2\/types\/page"}],"author":[{"embeddable":true,"href":"https:\/\/fgcommerce.de\/smoothiemaker-test-alt\/wp-json\/wp\/v2\/users\/6"}],"replies":[{"embeddable":true,"href":"https:\/\/fgcommerce.de\/smoothiemaker-test-alt\/wp-json\/wp\/v2\/comments?post=9"}],"version-history":[{"count":0,"href":"https:\/\/fgcommerce.de\/smoothiemaker-test-alt\/wp-json\/wp\/v2\/pages\/9\/revisions"}],"wp:attachment":[{"href":"https:\/\/fgcommerce.de\/smoothiemaker-test-alt\/wp-json\/wp\/v2\/media?parent=9"}],"curies":[{"name":"wp","href":"https:\/\/api.w.org\/{rel}","templated":true}]}}