{"id":575,"date":"2016-08-29T11:45:52","date_gmt":"2016-08-29T11:45:52","guid":{"rendered":"http:\/\/smoothiemaker-test.de\/?page_id=575"},"modified":"2016-08-29T11:45:52","modified_gmt":"2016-08-29T11:45:52","slug":"haeufig-gestellte-fragen-smoothie-mixer","status":"publish","type":"page","link":"https:\/\/fgcommerce.de\/smoothiemaker-test-alt\/haeufig-gestellte-fragen-smoothie-mixer\/","title":{"rendered":"H\u00e4ufig gestellte Fragen \u00fcber Smoothie Mixer"},"content":{"rendered":"<p>Es schreiben uns viele Smoothie Mixer Interessenten und stellen uns fragen zu den Ger\u00e4ten und Smoothies. Dabei tauche doch recht h\u00e4ufig viele gleiche Fragen auf. Die h\u00e4ufigsten Fragen sind jetzt auf dieser Seite zu finden und werden st\u00e4ndig erweitert.<\/p>\n<p>Deine Frage ist nicht dabei? Dann schreibt uns \u00fcber das <a href=\"https:\/\/smoothiemaker-test.de\/kontakt\/\">Kontaktformular<\/a>.<\/p>\n<p>[toc title=&#8220;Inhaltsverzeichnis:&#8220; title_tag=&#8220;strong&#8220; list=&#8220;ol&#8220; depth=&#8220;1&#8243;]<\/p>\n<p>&nbsp;<\/p>\n<h2 id=\"was-ist-ein-smoothie-mixer\">Was ist ein Smoothie Mixer oder Smoothie Maker?<\/h2>\n<p><img loading=\"lazy\" decoding=\"async\" class=\"alignright wp-image-460 size-full\" title=\"Bianco Primo BI-PRIM Hochleistungsmixer Smoothie Mixer\" src=\"https:\/\/smoothiemaker-test.de\/wp-content\/uploads\/2016\/08\/bianco-primo-bi-prim-hochleistungsmixer-smoothiemaker.jpg\" alt=\"Bianco Primo BI-PRIM Hochleistungsmixer Smoothie Mixer\" width=\"250\" height=\"250\" \/>Bei einem Smoothie Mixer oder Smoothie Maker handelt es sich um ein elektrisch betriebenes K\u00fcchenger\u00e4t, was viele auch als gew\u00f6hnlichen Standmixer bereits kennen. Der Unterschied liegt zum bekannten Standmixer darin, dass diese Mixer speziell f\u00fcr die Zubereitung von Smoothies, sogenannten Ganzfruchts\u00e4ften, entwickelt worden sind. Die Leistung und Drehzahl ist meist viel h\u00f6her. Die kleinsten Smoothie Maker werden auch gerne als Personal Blender bezeichnet. Es handelt sich aber bei allen Ger\u00e4ten um Standmixer f\u00fcr die Hausgebrauch oder der gewerblichen Gastronomie.<\/p>\n<p><strong>Unser Tipp:<\/strong> Ausf\u00fchrliche Information \u00fcber die Smoothie Mixer<a href=\"https:\/\/smoothiemaker-test.de\/was-sind-smoothie-maker\/\"> Unterschiede<\/a> anschauen.<\/p>\n<p>&nbsp;<\/p>\n<h2>Gute Hersteller von Smoothie Maker?<\/h2>\n<p>Es gibt unterschiedliche Ger\u00e4teklassen und nicht alle Hersteller haben diese im Programm. Die st\u00e4rksten und gr\u00f6\u00dften Smoothie Mixer sind sogenannte Hochleistungsmixer und Profimixer die u.a. diese Firmen anbieten: Blendtec, Vitamix, Revoblend, Bianco di Puro, Omniblend, Klarstein, Optimum und Vital Energy. Bei den preiswerten Smoothie Mixer und auch die Mittelklasse Ger\u00e4te werden von vielen uns bekannten Markenherstellern wie u.a. Philips, AEG, WMF, Russell Hobbs, Grundig, Serverin, Krups und Kennwood angeboten. Dazu kommen noch einige weitere nicht so bekannte Hersteller wie Mr. Magic, Foodmatic, Gastroback und weitere.<\/p>\n<p><strong>Unser Tipp:<\/strong> Schauen Sie sich unsere Smoothie Mixer <a href=\"https:\/\/smoothiemaker-test.de\/smoothie-maker\/\">Tests<\/a> an!<\/p>\n<p>&nbsp;<\/p>\n<h2>Wie lange soll ich einen Smoothie Mixer laufen lassen?<\/h2>\n<p>Die meisten Ger\u00e4te schaffen es innerhalb 30 &#8211; 60 Sekunden aus den Zutaten einen cremigen Smoothie zu mixen. Wenn das Obst sehr hart ist oder Kerne enth\u00e4lt, ben\u00f6tigen einige Mixer auch etwas mehr Zeit. Bei faserigen Gem\u00fcse wie Spinat braucht ein schw\u00e4chere Mixer auch l\u00e4nger. Es sollte beim darauf geachtet werden, dass die Temperatur im Mixbecher nicht zu hoch wird. Pr\u00fcfen kann man das, indem man den Mixbecher von au\u00dfen anfasst.<\/p>\n<p><strong>Unser Tipp:<\/strong> Fr\u00fcchte nach unten zum Messer, faseriges Gem\u00fcse oben drauf.<\/p>\n<p>&nbsp;<\/p>\n<h2>Meine Smoothies werden nicht richtig cremig?<\/h2>\n<p>Wenn ein kleinerer Smoothie Mixer verwendet wird, der vielleicht auch sehr voll gef\u00fcllt ist, kann es dazu kommen, das die Zutaten nicht richtig zerkleinert werden. Dann ist die Konsistenz nicht so sch\u00f6n cremig und es k\u00f6nnen auch St\u00fcckchen enthalten sein. Versuchen sie etwas weniger zu mixen oder etwas mehr Fl\u00fcssigkeit zu verwenden. Wenn das alles nicht hilft, sollten sie \u00fcber einen Profi Smoothie Mixer wie den <a href=\"https:\/\/smoothiemaker-test.de\/smoothie-maker\/bianco-primo-hochleistungsmixer\/\">Bianco Primo<\/a> nachdenken.<\/p>\n<p><strong>Unser Tipp:<\/strong> Die cremigsten Smoothies gelingen mit <a href=\"https:\/\/smoothiemaker-test.de\/smoothie-maker-vergleich\/hochleistungsmixer-ueber-200-euro\/\">leistungsstarken Mixern<\/a>.<\/p>\n<p>&nbsp;<\/p>\n<h2>Mixer Messer links- oder rechtsdrehend &#8211; gibt es einen Unterschied?<\/h2>\n<p>Es gibt Smoothie Mixer bei denen sich das Messer links- oder nach rechts dreht. Einige Hersteller oder Aussagen von Nutzern dieser Ger\u00e4te meinen, dass ein rechtsdrehendes Messer sich positiv auf die Fl\u00fcssigkeit auswirkt. Wir konnten keinen Unterschied zu den zwei Drehrichtungen feststellen. Mixer mit rechtsdrehenden Messer gibt es von Blendtec (Designer 625, Designer 725) oder Optimum (8200, 9200a).<\/p>\n<p><strong>Unsere Meinung: <\/strong>Nicht so entscheidend!<\/p>\n<p>&nbsp;<\/p>\n<h2>Sollte der Mixbecher BPA-frei sein?<\/h2>\n<p>Bisphenol A ist eine Hormon-Chemikalie und steht unter dem Verdacht Gesundheitssch\u00e4dlich zu sein. In Babyflaschen ist BPA bereits seit 2011 verboten. Zu finden ist dieser Stoff auch in anderen Kunststoff Produkten wie Sch\u00fcsseln und Konservendosen als Beschichtung. Wir bevorzugen Ger\u00e4te die einen BPA freien Mixbecher haben oder wie der <a href=\"https:\/\/smoothiemaker-test.de\/philips-hr-serie-vergleich\/\">Philips HR 2195\/08<\/a> einen Glaskrug.<\/p>\n<p><strong>Unsere Meinung:<\/strong> Lieber BPA freie Mixbeh\u00e4lter kaufen oder einen mit Glaskrug w\u00e4hlen!<\/p>\n<p>&nbsp;<\/p>\n<h2>Wie viele Umdrehungen sollte ein Smoothie Mixer haben?<\/h2>\n<p>Viele Mixer mit vielen unterschiedlichen Drehzahlen der Messer. Dabei werden Umdrehungen von 10.000 &#8211; 35.000 Umdrehungen in der Minute erreicht. Die Angaben beziehen sich h\u00e4ufig aber nur auf die Leerlaufdrehzahl. Viel meinen, dass erst bei 24.000 U\/min die Pflanzenzellen gespalten werden und f\u00fcr einen Gr\u00fcnen Smoothie eine hohe Drehzahl erforderlich ist. Tests haben ergeben, dass die Drehzahl einen gro\u00dfen Unterschied beim Geschmack von Smoothies mit Wildkr\u00e4utern und Salat macht. Das liegt aber haupts\u00e4chlich an der viel besseren Zerkleinerung der Zutaten und nicht unbedingt an der Aufspaltung der Zellen.<\/p>\n<p><strong>Unsere Meinung:<\/strong> Ger\u00e4te mit 20.000 U\/min und mindestens 300 Watt kaufen. <a href=\"https:\/\/smoothiemaker-test.de\/smoothiemixer-oder-hochleistungsmixer\/\">Anwendungsbereich<\/a> beachten!<\/p>\n<p>&nbsp;<\/p>\n<h2>Welche Unterschiede gibt es beim Smoothie Mixer Messer?<\/h2>\n<p>Wer sich einige Mixer bereits angeschaut hat, hat die unterschiedlichen Messer bereits bemerkt. Diese Unterscheiden sich nicht nur in der Anzahl sondern auch im Aussehen. Auch der Sch\u00e4rfegrad und das Material unterscheidet sich je nach Hersteller voneinander. Die Messer werden meist aus rostfreiem Edelstahl gefertigt. Die Legierung kann sich aber teilweise unterscheiden. Die Anzahl kann zwischen einem bis drei Messer variieren. Die einzelnen Schneiden fangen bei zwei an und gegen bis sechs hoch. Dabei sind nicht alle Messer in einem Mixer gleich scharf geschliffen oder von der Geometrie gleich. Der Mixer schneidet die Zutaten auch nicht wie ein Messer, sondern zerschl\u00e4gt es eher. Da k\u00f6nnen einem die Messer doch recht stumpf vorkommen, obwohl sie es gar nicht sind. Die Messer, bzw die kleinen Fl\u00fcgel oberhalb, haben noch eine weitere Funktion. Diese sollen f\u00fcr einen Strudel sorgen, der so entstehende Sog, soll die Zutaten nach unten zu den eigentlichen Messern bef\u00f6rdert.<\/p>\n<p><strong>Unsere Meinung:<\/strong> Mehr Messer muss nicht unbedingt besser sein. Bianco hat spezielle Messer f\u00fcr <a href=\"https:\/\/smoothiemaker-test.de\/gruene-smoothies-nicht-nur-fuer-experimentierfreudige\/\">Gr\u00fcne Smoothies<\/a>.<\/p>\n<p>&nbsp;<\/p>\n<h2>Wof\u00fcr ben\u00f6tige ich einen Stampfer?<\/h2>\n<p>Mit einem Stampfer oder St\u00f6\u00dfel kann man die Zutaten nach unten dr\u00fccken. Das ist gerade bei Salat oder Wildkr\u00e4utern von Vorteil. Profi und Hochleistungsmixer haben diesen Stampfer im Lieferumfang bereits dabei. Das ist auch wichtig, da er die richtige L\u00e4nge haben muss. Ist er zu lang kommt er in die Messer. Deshalb nur den Stampfer benutzten der auch zum Mixbeh\u00e4lter passt. Bei g\u00fcnstigeren Mixern kann er oft auch als Zuneh\u00f6r gekauft werden.<\/p>\n<p><strong>Unsere Meinung:<\/strong> Kann bei gro\u00dfen Mixbeh\u00e4lter von Vorteil sein.<\/p>\n<p>&nbsp;<\/p>\n<h2>Kann ich auch Kerne im Smoothie Mixer zerkleinern?<\/h2>\n<p>Wenn das Ger\u00e4t das kann, steht es dabei und die gro\u00dfen Mixer kommen sehr gut damit zurecht. Bei den nicht so leistungsstarken Mixern werden die Kerne h\u00e4ufig so gut wir gar nicht zerkleinert. Das ergibt dann leider eine etwas st\u00f6rende Konsistenz. Aber auch die gro\u00dfen Mixer k\u00f6nnen mit sehr kleinen und leichten Kernen von zum Beispiel Himbeeren und Brombeeren Probleme bekommen.<\/p>\n<p><strong>Unser Tipp:<\/strong> Bei Fr\u00fcchten mit Kernen etwas l\u00e4nger mixen.<\/p>\n<p>&nbsp;<\/p>\n<p>&nbsp;<\/p>\n","protected":false},"excerpt":{"rendered":"<p>Es schreiben uns viele Smoothie Mixer Interessenten und stellen uns fragen zu den Ger\u00e4ten und Smoothies. Dabei tauche doch recht h\u00e4ufig viele gleiche Fragen auf. Die h\u00e4ufigsten Fragen sind jetzt auf dieser Seite zu finden und werden st\u00e4ndig erweitert. Deine Frage ist nicht dabei? Dann schreibt uns \u00fcber das Kontaktformular. [toc title=&#8220;Inhaltsverzeichnis:&#8220; title_tag=&#8220;strong&#8220; list=&#8220;ol&#8220; depth=&#8220;1&#8243;] [&hellip;]<\/p>\n","protected":false},"author":6,"featured_media":0,"parent":0,"menu_order":0,"comment_status":"closed","ping_status":"closed","template":"templates\/sidebar-right.php","meta":{"footnotes":""},"class_list":["post-575","page","type-page","status-publish","hentry"],"_links":{"self":[{"href":"https:\/\/fgcommerce.de\/smoothiemaker-test-alt\/wp-json\/wp\/v2\/pages\/575","targetHints":{"allow":["GET"]}}],"collection":[{"href":"https:\/\/fgcommerce.de\/smoothiemaker-test-alt\/wp-json\/wp\/v2\/pages"}],"about":[{"href":"https:\/\/fgcommerce.de\/smoothiemaker-test-alt\/wp-json\/wp\/v2\/types\/page"}],"author":[{"embeddable":true,"href":"https:\/\/fgcommerce.de\/smoothiemaker-test-alt\/wp-json\/wp\/v2\/users\/6"}],"replies":[{"embeddable":true,"href":"https:\/\/fgcommerce.de\/smoothiemaker-test-alt\/wp-json\/wp\/v2\/comments?post=575"}],"version-history":[{"count":0,"href":"https:\/\/fgcommerce.de\/smoothiemaker-test-alt\/wp-json\/wp\/v2\/pages\/575\/revisions"}],"wp:attachment":[{"href":"https:\/\/fgcommerce.de\/smoothiemaker-test-alt\/wp-json\/wp\/v2\/media?parent=575"}],"curies":[{"name":"wp","href":"https:\/\/api.w.org\/{rel}","templated":true}]}}