{"id":542,"date":"2016-08-26T10:47:06","date_gmt":"2016-08-26T10:47:06","guid":{"rendered":"http:\/\/smoothiemaker-test.de\/?page_id=542"},"modified":"2016-08-26T10:47:06","modified_gmt":"2016-08-26T10:47:06","slug":"smoothiemixer-oder-hochleistungsmixer","status":"publish","type":"page","link":"https:\/\/fgcommerce.de\/smoothiemaker-test-alt\/smoothiemixer-oder-hochleistungsmixer\/","title":{"rendered":"Preiswerten Smoothie Maker oder Hochleistungsmixer?"},"content":{"rendered":"<p style=\"text-align: justify\">Brauchst du einen preiswerten Smoothiemixer oder Hochleistungsmixer? Welchen Typ du dir kaufen solltest, findest du mit den richtigen Tipps schnell heraus.<\/p>\n<h3 style=\"text-align: justify\">Wer die Wahl hat&#8230;<\/h3>\n<p style=\"text-align: justify\">Den Rest kennen wir ja, das muss jedoch nicht so sein. Mit diesen Tipps klappt der Kauf bestimmt, denn wer wei\u00df was er mit dem Mixer machen m\u00f6chte kommt schnell zum richtigen Ger\u00e4t.<\/p>\n<p style=\"text-align: justify\">Um eine Antwort auf die Frage zu bekommen ob man einen preiswerten Smoothiemixer oder Hochleistungsmixer kaufen sollte, muss man folgendes wissen:<\/p>\n<p style=\"text-align: justify\">Unter die <strong>preiswerten\u00a0Smoothiemixer<\/strong> fallen haupts\u00e4chlich Ger\u00e4te mit zirka 300 Watt und die sogenannten <strong>Hochleistungsmixer<\/strong> haben teilweise bis zu 2 kW Leistung.<\/p>\n<hr \/>\n<h3 style=\"text-align: justify\">F\u00fcr dich jetzt einen preiswerten Smoothiemixer oder Hochleistungsmixer?<\/h3>\n<h4 style=\"text-align: justify\">Bist du der preiswerte Smoothiemixer Typ?<\/h4>\n<ol style=\"text-align: justify\">\n<li><em>Du bist Einsteiger in die Welt der Smoothies?<\/em><\/li>\n<li><em>Du m\u00f6chtest nicht gleich 300 \u20ac f\u00fcr ein Ger\u00e4t ausgeben?<\/em><\/li>\n<li><em>Du m\u00f6chtest \u00fcberwiegend Smoothies aus Obst &amp; Fr\u00fcchten herstellen?<\/em><\/li>\n<li><em>Du m\u00f6chtest einzelne trinkfertige Portionen zubereiten?<\/em><\/li>\n<\/ol>\n<p style=\"text-align: justify\">Wenn du die 4 Fragen mit ja beantwortet hast, dann ist der preiswerte Smoothiemixer dein Start in die Welt der Smoothies. Die kleinen, preiswerten Mixer sind perfekt f\u00fcr den Einstieg geeignet.<\/p>\n<p style=\"text-align: justify\">Bei diesen kleinen Smoothie Makern besteht sehr oft die M\u00f6glichkeit direkt in den Trinkbecher zu mixen. Ja richtig geh\u00f6rt, der Mixbeh\u00e4lter ist gleich der Trinkbecher mit passendem Verschluss. Zudem l\u00e4sst sich so ein kleines Ger\u00e4t noch schneller reinigen und Blitz schnell verstauen.<\/p>\n<h4 style=\"text-align: justify\">Bist du der Hochleistungsmixer Typ?<\/h4>\n<ol style=\"text-align: justify\">\n<li><em>Du kennst dich bereits mit Smoothies aus?<\/em><\/li>\n<li><em>300 \u20ac und mehr f\u00fcr ein Ger\u00e4t auszugeben st\u00f6rt dich nicht?<\/em><\/li>\n<li><em>Du m\u00f6chtest neben Obst &amp; Fr\u00fcchten auch faserige Gem\u00fcse und harte Kerne zerkleinern?<\/em><\/li>\n<li><em>Du m\u00f6chtest mehr als 1 Liter Smoothie auf einmal zubereiten?<\/em><\/li>\n<\/ol>\n<p style=\"text-align: justify\">Dann solltest du dich f\u00fcr einen Hochleistungsmixer entscheiden. Durch den gro\u00dfen Mixbeh\u00e4lter und der hohen Leistung von bis zu 2 kW lassen sich mit einmal Smoothies f\u00fcr die ganze Familie herstellen.<\/p>\n<hr \/>\n<h3 style=\"text-align: justify\">Fazit<\/h3>\n<p style=\"text-align: justify\">Mit diesen einfachen Tipps ist es doch ganz einfach einen geeigneten Mixer zu finden, oder?! Zumindest wei\u00dft du jetzt, welcher von den beiden Typen zu dir passt.<\/p>\n<p style=\"text-align: justify\">Es gibt viele Unterschiedliche Mixer und daher schau dich im <a href=\"https:\/\/smoothiemaker-test.de\/smoothie-maker-vergleich\/\">Vergleich<\/a> nach deinem neuen preiswerten Smoothiemixer oder Hochleistungsmixer um. In den <a href=\"https:\/\/smoothiemaker-test.de\/smoothie-maker\/\">Produkt Vorstellungen<\/a> sind viele Ger\u00e4te bereits beschrieben, denn auch diese beiden Typen haben gro\u00dfe Unterschiede die du kennen solltest.<\/p>\n<hr \/>\n<p style=\"text-align: justify\"><em>Bei Fragen, Anregungen oder Erg\u00e4nzungen zu diesem Beitrag, steht die Kommentarfunktion ganz am Ende dieser Seite zur Verf\u00fcgung. Oder nutze das <a title=\"Kontakt\" href=\"https:\/\/smoothiemaker-test.de\/kontakt\/\">Kontaktformular<\/a> f\u00fcr deine Fragen und W\u00fcnsche.<\/em><\/p>\n<hr \/>\n","protected":false},"excerpt":{"rendered":"<p>Brauchst du einen preiswerten Smoothiemixer oder Hochleistungsmixer? Welchen Typ du dir kaufen solltest, findest du mit den richtigen Tipps schnell heraus. Wer die Wahl hat&#8230; Den Rest kennen wir ja, das muss jedoch nicht so sein. Mit diesen Tipps klappt der Kauf bestimmt, denn wer wei\u00df was er mit dem Mixer machen m\u00f6chte kommt schnell [&hellip;]<\/p>\n","protected":false},"author":6,"featured_media":0,"parent":0,"menu_order":0,"comment_status":"closed","ping_status":"closed","template":"templates\/sidebar-right.php","meta":{"footnotes":""},"class_list":["post-542","page","type-page","status-publish","hentry"],"_links":{"self":[{"href":"https:\/\/fgcommerce.de\/smoothiemaker-test-alt\/wp-json\/wp\/v2\/pages\/542","targetHints":{"allow":["GET"]}}],"collection":[{"href":"https:\/\/fgcommerce.de\/smoothiemaker-test-alt\/wp-json\/wp\/v2\/pages"}],"about":[{"href":"https:\/\/fgcommerce.de\/smoothiemaker-test-alt\/wp-json\/wp\/v2\/types\/page"}],"author":[{"embeddable":true,"href":"https:\/\/fgcommerce.de\/smoothiemaker-test-alt\/wp-json\/wp\/v2\/users\/6"}],"replies":[{"embeddable":true,"href":"https:\/\/fgcommerce.de\/smoothiemaker-test-alt\/wp-json\/wp\/v2\/comments?post=542"}],"version-history":[{"count":0,"href":"https:\/\/fgcommerce.de\/smoothiemaker-test-alt\/wp-json\/wp\/v2\/pages\/542\/revisions"}],"wp:attachment":[{"href":"https:\/\/fgcommerce.de\/smoothiemaker-test-alt\/wp-json\/wp\/v2\/media?parent=542"}],"curies":[{"name":"wp","href":"https:\/\/api.w.org\/{rel}","templated":true}]}}