{"id":487,"date":"2016-08-14T00:04:52","date_gmt":"2016-08-14T00:04:52","guid":{"rendered":"http:\/\/smoothiemaker-test.de\/?page_id=487"},"modified":"2016-08-14T00:04:52","modified_gmt":"2016-08-14T00:04:52","slug":"philips-hr-serie-vergleich","status":"publish","type":"page","link":"https:\/\/fgcommerce.de\/smoothiemaker-test-alt\/philips-hr-serie-vergleich\/","title":{"rendered":"Philips HR Serie im Vergleich"},"content":{"rendered":"<p>F\u00fcnf <a href=\"https:\/\/smoothiemaker-test.de\/\">Smoothie Maker<\/a> hat die Philips HR Series bereits. Dabei handelt es sich um drei Standmixer, einen Mini Standmixer oder auch beaknnt als <a href=\"https:\/\/smoothiemaker-test.de\/personal-blender-mixer-to-go\/\">Personal Blender<\/a> und einen Hochleistungsmixer mit unterschiedlichen Einsatzzwecken, Zubeh\u00f6r und Ger\u00e4teeigenschaften.<\/p>\n<h2>Philips HR Standmixer<\/h2>\n<p>Die Philips HR Standmixer liefern eine Leerlaufdrehzahl zwischen 20.000 und 32.000 Umdrehungen pro Minute. Das ist aber nur ein entscheidender Unterschied f\u00fcr den Einsatzzweck dieser Ger\u00e4te. Das mitgelieferte Zubeh\u00f6r ist bei drei Ger\u00e4te im Lieferumfang enthalten. Bei den Ger\u00e4teeigenschaften fallen gleich die unterschiedlichen Wattzahlen auf. Eine maximale Leistung von 350 bis 1100 Watt ist bei den Philips HR Ger\u00e4ten vorhanden. Auch die Gr\u00f6\u00dfe des Mixbeh\u00e4lters ist unterschiedlich. Von 0,6 bis 2,0 Liter reichen die Volumen.<\/p>\n<p>Die folgenden Liste zeigt die genauen Angaben im direkten Vergleich.<\/p>\n<p>&nbsp;<\/p>\n<p>[table id=11 \/]<\/p>\n","protected":false},"excerpt":{"rendered":"<p>F\u00fcnf Smoothie Maker hat die Philips HR Series bereits. Dabei handelt es sich um drei Standmixer, einen Mini Standmixer oder auch beaknnt als Personal Blender und einen Hochleistungsmixer mit unterschiedlichen Einsatzzwecken, Zubeh\u00f6r und Ger\u00e4teeigenschaften. Philips HR Standmixer Die Philips HR Standmixer liefern eine Leerlaufdrehzahl zwischen 20.000 und 32.000 Umdrehungen pro Minute. Das ist aber nur [&hellip;]<\/p>\n","protected":false},"author":6,"featured_media":0,"parent":0,"menu_order":0,"comment_status":"closed","ping_status":"closed","template":"templates\/sidebar-right.php","meta":{"footnotes":""},"class_list":["post-487","page","type-page","status-publish","hentry"],"_links":{"self":[{"href":"https:\/\/fgcommerce.de\/smoothiemaker-test-alt\/wp-json\/wp\/v2\/pages\/487","targetHints":{"allow":["GET"]}}],"collection":[{"href":"https:\/\/fgcommerce.de\/smoothiemaker-test-alt\/wp-json\/wp\/v2\/pages"}],"about":[{"href":"https:\/\/fgcommerce.de\/smoothiemaker-test-alt\/wp-json\/wp\/v2\/types\/page"}],"author":[{"embeddable":true,"href":"https:\/\/fgcommerce.de\/smoothiemaker-test-alt\/wp-json\/wp\/v2\/users\/6"}],"replies":[{"embeddable":true,"href":"https:\/\/fgcommerce.de\/smoothiemaker-test-alt\/wp-json\/wp\/v2\/comments?post=487"}],"version-history":[{"count":0,"href":"https:\/\/fgcommerce.de\/smoothiemaker-test-alt\/wp-json\/wp\/v2\/pages\/487\/revisions"}],"wp:attachment":[{"href":"https:\/\/fgcommerce.de\/smoothiemaker-test-alt\/wp-json\/wp\/v2\/media?parent=487"}],"curies":[{"name":"wp","href":"https:\/\/api.w.org\/{rel}","templated":true}]}}