{"id":449,"date":"2016-11-09T12:09:58","date_gmt":"2016-11-09T12:09:58","guid":{"rendered":"http:\/\/smoothiemaker-test.de\/?page_id=449"},"modified":"2016-11-09T12:09:58","modified_gmt":"2016-11-09T12:09:58","slug":"smoothie-maker-test-vergleich","status":"publish","type":"page","link":"https:\/\/fgcommerce.de\/smoothiemaker-test-alt\/smoothie-maker-test-vergleich\/","title":{"rendered":"Smoothie Maker Vergleich"},"content":{"rendered":"<p>Ein Smoothie Maker ist f\u00fcr einen gesunden und genussvollen Lebensstil einfach eine perfekte Hilfe, wenn es um die Zubereitung von Smoothies geht. Auch Suppen, Cocktails und weitere leckere und gesunde Getr\u00e4nke lassen sich damit schnell und einfach zubereiten. SmoothieMaker-Test.de erfahren Sie alles \u00fcber diese Ger\u00e4te und sehen wie gut diese im Vergleich sind. Oft wird auch vom Standmixer gesprochen. Wenn der Begriffe Smoothie Maker und Standmixer f\u00e4llt, meinen wir zu 100% das selbe Ger\u00e4t.<\/p>\n<p>Es gibt Smoothiemaker als Einsteigerger\u00e4te,\u00a0Mittelklasseger\u00e4te und Premiumger\u00e4te. Wir vergleichen auf SmoothieMaker-Test.de die unterschiedlichen Ger\u00e4te und zeigen Ihnen die St\u00e4rken und Schw\u00e4chen.<\/p>\n<p>Um Ihnen bereits im Vorfeld die Suche zu erleichtern, haben wir die Ger\u00e4te in drei Klassen aufgeteilt. Sie finden zudem in jeder Klasse den Smoothie Maker Vergleichssieger 2018.<\/p>\n<ul>\n<li>Einsteigerger\u00e4te bis 75 Euro<\/li>\n<li>Mittelklasseger\u00e4te von 75 bis 150 Euro<\/li>\n<li>Premiumger\u00e4te ab\u00a0150 Euro<\/li>\n<li>Hochleistungsmixer \u00fcber 300 Euro<\/li>\n<\/ul>\n<p>Bevor wir uns den einzelnen Ger\u00e4teklassen zuwenden, worauf kommt es bei einem Smoothie Maker an?<\/p>\n<ul>\n<li>Design<\/li>\n<li>Ma\u00dfe und Gewicht<\/li>\n<li>Standfestigkeit<\/li>\n<li>Aufbau, Material, Verarbeitung<\/li>\n<li>Messer<\/li>\n<li>Motor, technische Leistungsmerkmale<\/li>\n<li>Lautst\u00e4rke<\/li>\n<li>Reinigung<\/li>\n<li>Steuerung und Bedienung<\/li>\n<li>Benutzerfreundlichkeit und Handhabung<\/li>\n<li>Mixpogramme<\/li>\n<li>Beh\u00e4lter<\/li>\n<li>Dimensionen<\/li>\n<li>Material<\/li>\n<li>Ausstattung, Lieferumfang und Zubeh\u00f6r<\/li>\n<li>Garantie<\/li>\n<\/ul>\n<p>Die oben genannten Punkte sollte bei einem Smoothie Maker Test ber\u00fccksichtigt werden. Diese Kriterien entscheiden dar\u00fcber, ob der Smoothie Maker zu einem passt oder nicht.<\/p>\n<h2>Smoothie Maker Vergleich &#8211; Einsteigerger\u00e4te bis 75 Euro<\/h2>\n<p>[table id=15 \/]<\/p>\n<h2>Smoothie Maker Vergleich &#8211; Mittlere Preisklasse (75 bis 150 Euro)<\/h2>\n<p>[table id=16 \/]<\/p>\n<h2>Smoothie Maker Vergleich &#8211; Gehobene Preisklasse (ab 150 Euro)<\/h2>\n<p>[table id=17 \/]<\/p>\n<p>&nbsp;<\/p>\n<p>&nbsp;<\/p>\n","protected":false},"excerpt":{"rendered":"<p>Ein Smoothie Maker ist f\u00fcr einen gesunden und genussvollen Lebensstil einfach eine perfekte Hilfe, wenn es um die Zubereitung von Smoothies geht. Auch Suppen, Cocktails und weitere leckere und gesunde Getr\u00e4nke lassen sich damit schnell und einfach zubereiten. SmoothieMaker-Test.de erfahren Sie alles \u00fcber diese Ger\u00e4te und sehen wie gut diese im Vergleich sind. Oft wird [&hellip;]<\/p>\n","protected":false},"author":6,"featured_media":0,"parent":0,"menu_order":0,"comment_status":"closed","ping_status":"closed","template":"templates\/sidebar-right.php","meta":{"footnotes":""},"class_list":["post-449","page","type-page","status-publish","hentry"],"_links":{"self":[{"href":"https:\/\/fgcommerce.de\/smoothiemaker-test-alt\/wp-json\/wp\/v2\/pages\/449","targetHints":{"allow":["GET"]}}],"collection":[{"href":"https:\/\/fgcommerce.de\/smoothiemaker-test-alt\/wp-json\/wp\/v2\/pages"}],"about":[{"href":"https:\/\/fgcommerce.de\/smoothiemaker-test-alt\/wp-json\/wp\/v2\/types\/page"}],"author":[{"embeddable":true,"href":"https:\/\/fgcommerce.de\/smoothiemaker-test-alt\/wp-json\/wp\/v2\/users\/6"}],"replies":[{"embeddable":true,"href":"https:\/\/fgcommerce.de\/smoothiemaker-test-alt\/wp-json\/wp\/v2\/comments?post=449"}],"version-history":[{"count":0,"href":"https:\/\/fgcommerce.de\/smoothiemaker-test-alt\/wp-json\/wp\/v2\/pages\/449\/revisions"}],"wp:attachment":[{"href":"https:\/\/fgcommerce.de\/smoothiemaker-test-alt\/wp-json\/wp\/v2\/media?parent=449"}],"curies":[{"name":"wp","href":"https:\/\/api.w.org\/{rel}","templated":true}]}}