{"id":186,"date":"2015-03-23T12:09:08","date_gmt":"2015-03-23T12:09:08","guid":{"rendered":"http:\/\/affenfutter.de\/smoothiemaker\/?page_id=15"},"modified":"2015-03-23T12:09:08","modified_gmt":"2015-03-23T12:09:08","slug":"was-sind-smoothie-maker","status":"publish","type":"page","link":"https:\/\/fgcommerce.de\/smoothiemaker-test-alt\/was-sind-smoothie-maker\/","title":{"rendered":"Was sind Smoothie Maker?"},"content":{"rendered":"<p><img loading=\"lazy\" decoding=\"async\" class=\"alignright wp-image-44 size-medium\" src=\"https:\/\/smoothiemaker-test.de\/wp-content\/uploads\/2015\/03\/Melissa-Smoothie-Maker-620x350-300x169.png\" alt=\"Smoothie Maker\" width=\"300\" height=\"169\" \/><\/p>\n<p>Smoothie Maker? Es ist ganz einfach zu erkl\u00e4ren, denn einen Smoothie Maker kann man als gew\u00f6hnlichen Standmixer bezeichnen. Die einfachen und g\u00fcnstigen Ger\u00e4te bis 50,- \u20ac klingen mit ihren 300 Watt nicht sehr leistungsstark, aber sie lassen sich perfekt zum mixen von weichen Fr\u00fcchten und klein geschnittenem Obst einsetzen.<\/p>\n<p>Der Vorteil eines kleinen, g\u00fcnstigen Smoothie Maker liegt an dem niedrigen Anschaffungspreis, Betriebsger\u00e4uschen und Aufbewahrungsm\u00f6glichkeiten.<\/p>\n<p>Smoothie Maker gibt es auch in speziellen Ausf\u00fchrungen, wo das Beh\u00e4ltnis gleich als Trinkflasche dient und so mit dem passenden Verschluss direkt mitgenommen werden kann.<span id=\"more-15\"><\/span><\/p>\n<h2>Wie funktioniert das Mixen im Smoothie Maker?<\/h2>\n<p>Der Smoothie Maker ist ein Standmixer, und so kann er auch nur im Standbetrieb genutzt werden. Durch die Schwerkraft wollen die zu mixenden Zutaten nach unten fallen und treffen da auf die Messer.<\/p>\n<p>Die Messer zerkleinern die Fr\u00fcchte und das Obst zu einer feinen, gleichm\u00e4\u00dfigen und cremigen Konsistenz. Die Messer des Smoothie Maker sind zudem so geformt, das es die Zutaten immer wieder nach unten zieht und so immer kleiner werden lassen und gleichzeitig vermischen.<\/p>\n<h2>Wie ist ein Smoothie Maker aufgebaut?<\/h2>\n<h3>Geh\u00e4use<\/h3>\n<p>Der Smoothie Maker besteht aus einem Unterteil, wo der Motor, das Getriebe und die Elektronik drin sind. An der Vorderseite befindet sich meist ein Ein\/Ausschalter oder aber ein Taster f\u00fcr eine Geschwindigkeitsstufe die auch Pulstaste genannt wird. Hinten am Geh\u00e4use kommt das Kabel heraus und wird in eine gew\u00f6hnliche 230V Steckdose eingesteckt. Das Geh\u00e4use kann aus unterschiedlichen Materialien bestehen und hat auf der Unterseite oft das Typenschild, den Hersteller und Gummif\u00fc\u00dfe zur Rutschsicherung. Auf der Oberseite kommt der Anschluss f\u00fcr den Mischbeh\u00e4lter heraus oder aber es ist das Messer direkt am Geh\u00e4use montiert. Zudem ist dort ein Sicherungsschalter angebracht, was den Smoothie Maker nur frei gibt wenn der Mischbeh\u00e4lter auch drauf gesetzt ist.<\/p>\n<h3>Mischbeh\u00e4lter<\/h3>\n<p>Der Mischbeh\u00e4lter dient f\u00fcr die Aufnahme des Mixguts und variiert je nach Hersteller in Form, Farbe, Material und Gr\u00f6\u00dfe. Es ist in der Regel ein Mischbeh\u00e4lter beim Smoothie Maker dabei und kann bei verschiedenen Herstellern gleich als Aufbewahrungs- und Transportgef\u00e4\u00df dienen. Der Mischbeh\u00e4lter kann auch so aufgebaut sein, dass das Messer sich darin befindet.<\/p>\n<h3>Messer<\/h3>\n<p>Das Messer besteht bei einem Smoothie Maker aus Edelstahl. Es sind je nach Hersteller 2 oder mehr einzelne Klingen die zu einem Messer verbunden sind. Das Material, die Anzahl und die Form unterscheidet sich je nach Hersteller voneinander.<\/p>\n<h2>Was sind die Unterschiede im Aufbau eines Smoothie Maker?<\/h2>\n<p>Jeder Hersteller verwendet unterschiedliche Materialien bei Geh\u00e4usen und Mischbeh\u00e4ltern. Die Messer unterscheiden sich genau so, wie die Farbe und Form des Smoothie Maker. Leider kann man nicht pauschal sagen, das ein teures Ger\u00e4t besser oder schlechter ist als ein etwas g\u00fcnstigeres. In den meisten F\u00e4llen ist das so, dass hochwertige Ger\u00e4te in bestimmten Dinge besser sind:<\/p>\n<ul>\n<li>standfester<\/li>\n<li>l\u00e4ngere Lebensdauer<\/li>\n<li>geringeres Betriebsger\u00e4usch<\/li>\n<li>mehrere Mischbeh\u00e4lter, Sp\u00fclmaschinen geeignet, aus Glas oder gepr\u00fcftem Kunststoff<\/li>\n<li>mehr Zubeh\u00f6r<\/li>\n<li>mehr Leistung<\/li>\n<\/ul>\n<p>Auf Ger\u00e4te von 20,- \u20ac bis 30,- \u20ac treffen die oben genannten Vorteile oft auch zu. Bei Smoothie Maker von Markenherstellern \u00fcber 50,- \u20ac UVP sind die Pluspunkte in der Regel immer gegeben.<\/p>\n<p>Um Ihnen dabei zu helfen, das f\u00fcr Sie passenden Ger\u00e4t zu finden haben wir eine Vergleichs- und Testseite geschaffen.<\/p>\n<p>Smoothie Maker gibt in in Preisklassen von 20,- \u20ac bis 50,- \u20ac. Hochleistungsmixer und Profimixer gibt es von 200,- \u20ac bis \u00fcber 1000,- \u20ac.<\/p>\n<p>Die bekanntesten Hersteler sind: AEG, Bosch, Decodyne, Domoclip, FoodWorks, Friopop, Gastroback, h.koenig, Hopefull Company, KHAPP, Klarstein, NUTRIBULLET, Original Jack LaLanne, Philips, <a class=\"ext-link ext-icon-13\" title=\"\" href=\"http:\/\/de.russellhobbs.com\/\" rel=\"external nofollow\" data-wpel-target=\"_new\">Russell Hobbs<\/a>, Silicone Designs, Tribest, Trisa, Ultratec, WMF, yayago, ZOKU uvm.<\/p>\n<h3><a title=\"Smoothie Maker Vergleich\" href=\"https:\/\/smoothiemaker-test.de\/smoothie-maker-vergleich\/\">Hier gelangen Sie zu der Vergleichs- und Testseite von Smoothie Maker.<\/a><\/h3>\n","protected":false},"excerpt":{"rendered":"<p>Smoothie Maker? Es ist ganz einfach zu erkl\u00e4ren, denn einen Smoothie Maker kann man als gew\u00f6hnlichen Standmixer bezeichnen. Die einfachen und g\u00fcnstigen Ger\u00e4te bis 50,- \u20ac klingen mit ihren 300 Watt nicht sehr leistungsstark, aber sie lassen sich perfekt zum mixen von weichen Fr\u00fcchten und klein geschnittenem Obst einsetzen. Der Vorteil eines kleinen, g\u00fcnstigen Smoothie [&hellip;]<\/p>\n","protected":false},"author":6,"featured_media":0,"parent":0,"menu_order":0,"comment_status":"closed","ping_status":"closed","template":"templates\/sidebar-right.php","meta":{"footnotes":""},"class_list":["post-186","page","type-page","status-publish","hentry"],"_links":{"self":[{"href":"https:\/\/fgcommerce.de\/smoothiemaker-test-alt\/wp-json\/wp\/v2\/pages\/186","targetHints":{"allow":["GET"]}}],"collection":[{"href":"https:\/\/fgcommerce.de\/smoothiemaker-test-alt\/wp-json\/wp\/v2\/pages"}],"about":[{"href":"https:\/\/fgcommerce.de\/smoothiemaker-test-alt\/wp-json\/wp\/v2\/types\/page"}],"author":[{"embeddable":true,"href":"https:\/\/fgcommerce.de\/smoothiemaker-test-alt\/wp-json\/wp\/v2\/users\/6"}],"replies":[{"embeddable":true,"href":"https:\/\/fgcommerce.de\/smoothiemaker-test-alt\/wp-json\/wp\/v2\/comments?post=186"}],"version-history":[{"count":0,"href":"https:\/\/fgcommerce.de\/smoothiemaker-test-alt\/wp-json\/wp\/v2\/pages\/186\/revisions"}],"wp:attachment":[{"href":"https:\/\/fgcommerce.de\/smoothiemaker-test-alt\/wp-json\/wp\/v2\/media?parent=186"}],"curies":[{"name":"wp","href":"https:\/\/api.w.org\/{rel}","templated":true}]}}