{"id":17,"date":"2015-01-14T17:38:57","date_gmt":"2015-01-14T17:38:57","guid":{"rendered":"http:\/\/smoothiemaker-test.de\/?page_id=17"},"modified":"2015-01-14T17:38:57","modified_gmt":"2015-01-14T17:38:57","slug":"impressum","status":"publish","type":"page","link":"https:\/\/fgcommerce.de\/smoothiemaker-test-alt\/impressum\/","title":{"rendered":"Impressum"},"content":{"rendered":"<h2>Angaben gem\u00e4\u00df \u00a7 5 TMG:<\/h2>\n<p>Florian Grote<br \/>\nAuf dem Kampe 6<br \/>\n31515 Wunstorf<\/p>\n<p>E-Mail: info@smoothiemaker-test.de<br \/>\nTel: +49 (0)5031-5194061 <strong>(keine telefonische Beratung m\u00f6glich)<\/strong><br \/>\nFax: +49 (0)5031-5194030<\/p>\n<p>Verantwortlich f\u00fcr den Inhalt nach \u00a7 55 Abs. 2 RStV:<\/p>\n<p>Florian Grote<br \/>\nAuf dem Kampe 6<br \/>\n31515 Wunstorf<\/p>\n<p>USt-IdNr.: DE301606488<\/p>\n<h2>Quellenangaben f\u00fcr die verwendeten Bilder und Grafiken:<\/h2>\n<p>Die auf dieser Webseite verwendeten Fotos stammen teilweise von amazon.de, pixabay.com und wurden an den notwendigen Stellen mit den entsprechenden Urhebern und der Quelle gekennzeichnet.<\/p>\n<h2>Bildnutzung<\/h2>\n<p>Die auf dieser Webseite genutzten Fotos sind teilweise urheberrechtlich gesch\u00fctzt. Speicherung, Verbreitung und Verwertung in gedruckter sowie elektronischer Form bed\u00fcrfen eines schriftlichen Antrags auf Nutzungsgenehmigung an den Urheber.<\/p>\n<h2>Informationen zur Online-Streitbeilegung<\/h2>\n<p>Online-Streitbeilegung gem\u00e4\u00df Art. 14 Abs. 1 ODR-VO: Die Europ\u00e4ische Kommission stellt eine Plattform zur Online-Streitbeilegung (OS) bereit, die Sie unter <a href=\"http:\/\/ec.europa.eu\/consumers\/odr\/\" target=\"_blank\" rel=\"noopener noreferrer\">http:\/\/ec.europa.eu\/consumers\/odr\/<\/a> finden.<\/p>\n<h2>Amazon-Partnerprogramm<\/h2>\n<p>Florian Grote ist Teilnehmer des Partnerprogramms von Amazon Europe S.\u00e0.r.l. und somit Partner des Werbeprogramms, das zur Bereitstellung eines Mediums f\u00fcr Websites konzipiert wurde, mittels dessen durch die Platzierung von Werbeanzeigen und Links zu Amazon.de Werbekostenerstattung verdient werden k\u00f6nnen. Amazon setzt Cookies ein, damit die Herkunft der Bestellungen nachvollzogen werden kann. Amazon kann unter anderem erkennen, dass Sie den Partnerlink auf dieser Website angeklickt haben. Weitere Informationen zur Datenerhebung- und Nutzung durch Amazon erhalten Sie in der Datenschutzerkl\u00e4rung des Unternehmens: <a href=\"http:\/\/www.amazon.de\/gp\/help\/customer\/display.html\/ref=footer_privacy?ie=UTF8&amp;nodeId=3312401\" target=\"_blank\" rel=\"nofollow noopener noreferrer\">www.amazon.de\/gp\/help\/customer\/display.html\/ref=footer_privacy?ie=UTF8&amp;nodeId=3312401<\/a><\/p>\n<hr \/>\n<h1>Haftungsausschluss (Disclaimer)<\/h1>\n<p><strong>Haftung f\u00fcr Inhalte<\/strong><\/p>\n<p>Als Diensteanbieter sind wir gem\u00e4\u00df \u00a7 7 Abs.1 TMG f\u00fcr eigene Inhalte auf diesen Seiten nach den allgemeinen Gesetzen verantwortlich. Nach \u00a7\u00a7 8 bis 10 TMG sind wir als Diensteanbieter jedoch nicht verpflichtet, \u00fcbermittelte oder gespeicherte fremde Informationen zu \u00fcberwachen oder nach Umst\u00e4nden zu forschen, die auf eine rechtswidrige T\u00e4tigkeit hinweisen. Verpflichtungen zur Entfernung oder Sperrung der Nutzung von Informationen nach den allgemeinen Gesetzen bleiben hiervon unber\u00fchrt. Eine diesbez\u00fcgliche Haftung ist jedoch erst ab dem Zeitpunkt der Kenntnis einer konkreten Rechtsverletzung m\u00f6glich. Bei Bekanntwerden von entsprechenden Rechtsverletzungen werden wir diese Inhalte umgehend entfernen.<\/p>\n<p><strong>Haftung f\u00fcr Links<\/strong><\/p>\n<p>Unser Angebot enth\u00e4lt Links zu externen Webseiten Dritter, auf deren Inhalte wir keinen Einfluss haben. Deshalb k\u00f6nnen wir f\u00fcr diese fremden Inhalte auch keine Gew\u00e4hr \u00fcbernehmen. F\u00fcr die Inhalte der verlinkten Seiten ist stets der jeweilige Anbieter oder Betreiber der Seiten verantwortlich. Die verlinkten Seiten wurden zum Zeitpunkt der Verlinkung auf m\u00f6gliche Rechtsverst\u00f6\u00dfe \u00fcberpr\u00fcft. Rechtswidrige Inhalte waren zum Zeitpunkt der Verlinkung nicht erkennbar. Eine permanente inhaltliche Kontrolle der verlinkten Seiten ist jedoch ohne konkrete Anhaltspunkte einer Rechtsverletzung nicht zumutbar. Bei Bekanntwerden von Rechtsverletzungen werden wir derartige Links umgehend entfernen.<\/p>\n<p><strong>Urheberrecht<\/strong><\/p>\n<p>Die durch die Seitenbetreiber erstellten Inhalte und Werke auf diesen Seiten unterliegen dem deutschen Urheberrecht. Die Vervielf\u00e4ltigung, Bearbeitung, Verbreitung und jede Art der Verwertung au\u00dferhalb der Grenzen des Urheberrechtes bed\u00fcrfen der schriftlichen Zustimmung des jeweiligen Autors bzw. Erstellers. Downloads und Kopien dieser Seite sind nur f\u00fcr den privaten, nicht kommerziellen Gebrauch gestattet. Soweit die Inhalte auf dieser Seite nicht vom Betreiber erstellt wurden, werden die Urheberrechte Dritter beachtet. Insbesondere werden Inhalte Dritter als solche gekennzeichnet. Sollten Sie trotzdem auf eine Urheberrechtsverletzung aufmerksam werden, bitten wir um einen entsprechenden Hinweis. Bei Bekanntwerden von Rechtsverletzungen werden wir derartige Inhalte umgehend entfernen.<\/p>\n<p><a title=\"Datenschutzerkl\u00e4rung\" href=\"https:\/\/smoothiemaker-test.de\/datenschutzerklaerung\/\">Zur Datenschutzerkl\u00e4rung<\/a><\/p>\n","protected":false},"excerpt":{"rendered":"<p>Angaben gem\u00e4\u00df \u00a7 5 TMG: Florian Grote Auf dem Kampe 6 31515 Wunstorf E-Mail: info@smoothiemaker-test.de Tel: +49 (0)5031-5194061 (keine telefonische Beratung m\u00f6glich) Fax: +49 (0)5031-5194030 Verantwortlich f\u00fcr den Inhalt nach \u00a7 55 Abs. 2 RStV: Florian Grote Auf dem Kampe 6 31515 Wunstorf USt-IdNr.: DE301606488 Quellenangaben f\u00fcr die verwendeten Bilder und Grafiken: Die auf dieser [&hellip;]<\/p>\n","protected":false},"author":6,"featured_media":0,"parent":0,"menu_order":0,"comment_status":"closed","ping_status":"closed","template":"templates\/sidebar-right.php","meta":{"footnotes":""},"class_list":["post-17","page","type-page","status-publish","hentry"],"_links":{"self":[{"href":"https:\/\/fgcommerce.de\/smoothiemaker-test-alt\/wp-json\/wp\/v2\/pages\/17","targetHints":{"allow":["GET"]}}],"collection":[{"href":"https:\/\/fgcommerce.de\/smoothiemaker-test-alt\/wp-json\/wp\/v2\/pages"}],"about":[{"href":"https:\/\/fgcommerce.de\/smoothiemaker-test-alt\/wp-json\/wp\/v2\/types\/page"}],"author":[{"embeddable":true,"href":"https:\/\/fgcommerce.de\/smoothiemaker-test-alt\/wp-json\/wp\/v2\/users\/6"}],"replies":[{"embeddable":true,"href":"https:\/\/fgcommerce.de\/smoothiemaker-test-alt\/wp-json\/wp\/v2\/comments?post=17"}],"version-history":[{"count":0,"href":"https:\/\/fgcommerce.de\/smoothiemaker-test-alt\/wp-json\/wp\/v2\/pages\/17\/revisions"}],"wp:attachment":[{"href":"https:\/\/fgcommerce.de\/smoothiemaker-test-alt\/wp-json\/wp\/v2\/media?parent=17"}],"curies":[{"name":"wp","href":"https:\/\/api.w.org\/{rel}","templated":true}]}}