{"id":10,"date":"2015-03-23T00:22:21","date_gmt":"2015-03-23T00:22:21","guid":{"rendered":"http:\/\/affenfutter.de\/smoothiemaker\/?page_id=5"},"modified":"2015-03-23T00:22:21","modified_gmt":"2015-03-23T00:22:21","slug":"smoothie-maker-vergleich","status":"publish","type":"page","link":"https:\/\/fgcommerce.de\/smoothiemaker-test-alt\/smoothie-maker-vergleich\/","title":{"rendered":"Smoothie Maker Vergleich"},"content":{"rendered":"<p>Dieser Smoothie Maker Vergleich wird dir bei der Auswahl des richtigen Mixers helfen. Es gibt Smoothie Maker in den unterschiedlichsten Preisklassen und von vielen Herstellern. Auch die Hochleistungsmixer und Profimixer sind f\u00fcr Smoothies perfekt geeignet. Damit Sie sich einen \u00dcberblick verschaffen k\u00f6nnen, finden Sie hier Vergleiche der unterschiedlichsten Ger\u00e4te. Dar\u00fcber hinaus haben wir nur die Besten Ger\u00e4te f\u00fcr Sie heraus gesucht.<\/p>\n<h2>Smoothie Maker Vergleich<\/h2>\n<p>Hier gibt es eine \u00dcbersicht \u00fcber die wichtigsten Smoothie Maker auf dem Markt.<\/p>\n<ul>\n<li>\n<h3><a href=\"https:\/\/smoothiemaker-test.de\/smoothie-maker-vergleich\/preiswerte-smoothie-maker-bis-50-euro\/\">Preiswerte Smoothie Maker bis 50 \u20ac<\/a><\/h3>\n<\/li>\n<li>\n<h3><a href=\"https:\/\/smoothiemaker-test.de\/smoothie-maker-vergleich\/hochleistungsmixer-ueber-200-euro\/\"><span class=\"breadcrumb_last\">Hochleistungsmixer \u00fcber 200 \u20ac<\/span><\/a><\/h3>\n<\/li>\n<li>\n<h3><a href=\"https:\/\/smoothiemaker-test.de\/smoothie-maker-vergleich\/profimixer\/\">Profimixer<\/a><\/h3>\n<\/li>\n<\/ul>\n<p>&nbsp;<\/p>\n","protected":false},"excerpt":{"rendered":"<p>Dieser Smoothie Maker Vergleich wird dir bei der Auswahl des richtigen Mixers helfen. Es gibt Smoothie Maker in den unterschiedlichsten Preisklassen und von vielen Herstellern. Auch die Hochleistungsmixer und Profimixer sind f\u00fcr Smoothies perfekt geeignet. Damit Sie sich einen \u00dcberblick verschaffen k\u00f6nnen, finden Sie hier Vergleiche der unterschiedlichsten Ger\u00e4te. Dar\u00fcber hinaus haben wir nur die [&hellip;]<\/p>\n","protected":false},"author":6,"featured_media":0,"parent":0,"menu_order":0,"comment_status":"closed","ping_status":"closed","template":"templates\/sidebar-right.php","meta":{"footnotes":""},"class_list":["post-10","page","type-page","status-publish","hentry"],"_links":{"self":[{"href":"https:\/\/fgcommerce.de\/smoothiemaker-test-alt\/wp-json\/wp\/v2\/pages\/10","targetHints":{"allow":["GET"]}}],"collection":[{"href":"https:\/\/fgcommerce.de\/smoothiemaker-test-alt\/wp-json\/wp\/v2\/pages"}],"about":[{"href":"https:\/\/fgcommerce.de\/smoothiemaker-test-alt\/wp-json\/wp\/v2\/types\/page"}],"author":[{"embeddable":true,"href":"https:\/\/fgcommerce.de\/smoothiemaker-test-alt\/wp-json\/wp\/v2\/users\/6"}],"replies":[{"embeddable":true,"href":"https:\/\/fgcommerce.de\/smoothiemaker-test-alt\/wp-json\/wp\/v2\/comments?post=10"}],"version-history":[{"count":0,"href":"https:\/\/fgcommerce.de\/smoothiemaker-test-alt\/wp-json\/wp\/v2\/pages\/10\/revisions"}],"wp:attachment":[{"href":"https:\/\/fgcommerce.de\/smoothiemaker-test-alt\/wp-json\/wp\/v2\/media?parent=10"}],"curies":[{"name":"wp","href":"https:\/\/api.w.org\/{rel}","templated":true}]}}